{"id":952,"date":"2018-05-24T12:29:21","date_gmt":"2018-05-24T12:29:21","guid":{"rendered":"http:\/\/ogv-gernlinden.eu\/?page_id=952"},"modified":"2018-10-05T09:57:00","modified_gmt":"2018-10-05T09:57:00","slug":"datenschutzerklaerung","status":"publish","type":"page","link":"https:\/\/ogv-gernlinden.eu\/?page_id=952","title":{"rendered":"Datenschutzerkl\u00e4rung"},"content":{"rendered":"<h3>Wer wir sind<\/h3>\n<p>Die Adresse unserer Website ist: https:\/\/ogv-gernlinden.eu<\/p>\n<h3>Kommentare<\/h3>\n<p>Wenn Besucher Kommentare auf der Website schreiben, sammeln wir die Daten, die im Kommentar-Formular angezeigt werden. Ihre E-Mail-Adresse wird nicht ver\u00f6ffentlicht.<\/p>\n<h3>Kontaktformulare<\/h3>\n<p>Wir erheben Ihre Daten zum Zweck der Durchf\u00fchrung Ihrer Kontaktanfrage. Die Datenverarbeitung beruht auf Artikel 6 Abs. 1 f) DSGVO.<br \/>\nUnser berechtigtes Interesse ist, Ihre Anfrage zu beantworten. Eine Weitergabe der Daten an Dritte findet nicht statt. Die Daten werden gel\u00f6scht, sobald sie f\u00fcr den Zweck ihrer Verarbeitung nicht mehr erforderlich sind. Sie haben das Recht, der Verwendung Ihrer Daten zum Zweck der Kontaktaufnahme jederzeit zu widersprechen.<\/p>\n<h3>Eingebettete Inhalte von anderen Websites<\/h3>\n<p>Beitr\u00e4ge auf dieser Website k\u00f6nnen eingebettete Inhalte beinhalten (z.\u00a0B. Videos, Bilder, Beitr\u00e4ge etc.). Eingebettete Inhalte von anderen Websites verhalten sich exakt so, als ob der Besucher die andere Website besucht h\u00e4tte.<\/p>\n<p>Diese Websites k\u00f6nnen Daten \u00fcber dich sammeln, Cookies benutzen, zus\u00e4tzliche Tracking-Dienste von Dritten einbetten und deine Interaktion mit diesem eingebetteten Inhalt aufzeichnen, inklusive deiner Interaktion mit dem eingebetteten Inhalt, falls du ein Konto hast und auf dieser Website angemeldet bist.<\/p>\n<h3>Analysedienste<\/h3>\n<p>Vom OGV-Gernlinden werden keine Analysedaten gesendet.<\/p>\n<h3>Cookies<\/h3>\n<p>Vom OGV-Gernlinden werden auf der Homepage keine Cookies verwendet.<\/p>\n<h3>Mit wem wir Ihre Daten teilen<\/h3>\n<p>Der OGV-Gernlinden teilt keinerlei personenbezogene Daten mit Dritten.<\/p>\n<h3>Wie lange wir Ihre Daten speichern<\/h3>\n<p>Wenn Sie einen Kommentar schreiben, kann das eine Einwilligung sein, Ihren Namen zu speichern. Dieser wird zeitlich unbegrenzt gespeichert.<\/p>\n<h3>Welche Rechte Sie an Ihren Daten haben<\/h3>\n<p>Wenn Sie auf dieser Website einen Kommentar geschrieben haben, k\u00f6nnen Sie einen Export Ihrer personenbezogenen Daten bei uns anfordern, inklusive aller Daten, die Sie uns mitgeteilt haben. Dar\u00fcber hinaus k\u00f6nnen Sie die L\u00f6schung Ihrer Kommentare und aller personenbezogenen Daten, die wir von Ihnen gespeichert haben, veranlassen.<\/p>\n<h3>E-Mail-Kommunikation<\/h3>\n<p>Wenn Sie uns E-Mails senden wollen, k\u00f6nnen Sie dies gerne \u00fcber die angegebenen Adressen tun. Beachten Sie jedoch bitte, dass unverschl\u00fcsselte E-Mails, die \u00fcber das Internet versendet werden, w\u00e4hrend des Transportwegs nicht hinreichend vor der unbefugten Kenntnisnahme durch Dritte gesch\u00fctzt sind.<\/p>\n","protected":false},"excerpt":{"rendered":"<p>Wer wir sind Die Adresse unserer Website ist: https:\/\/ogv-gernlinden.eu Kommentare Wenn Besucher Kommentare auf der Website schreiben, sammeln wir die Daten, die im Kommentar-Formular angezeigt werden. Ihre E-Mail-Adresse wird nicht ver\u00f6ffentlicht. Kontaktformulare Wir erheben Ihre Daten zum Zweck der Durchf\u00fchrung Ihrer Kontaktanfrage. Die Datenverarbeitung beruht auf Artikel 6 Abs. 1 f) DSGVO. Unser berechtigtes Interesse ist, Ihre Anfrage zu beantworten.<\/p>\n","protected":false},"author":1,"featured_media":0,"parent":0,"menu_order":0,"comment_status":"closed","ping_status":"closed","template":"","meta":{"footnotes":""},"class_list":["post-952","page","type-page","status-publish","hentry"],"_links":{"self":[{"href":"https:\/\/ogv-gernlinden.eu\/index.php?rest_route=\/wp\/v2\/pages\/952","targetHints":{"allow":["GET"]}}],"collection":[{"href":"https:\/\/ogv-gernlinden.eu\/index.php?rest_route=\/wp\/v2\/pages"}],"about":[{"href":"https:\/\/ogv-gernlinden.eu\/index.php?rest_route=\/wp\/v2\/types\/page"}],"author":[{"embeddable":true,"href":"https:\/\/ogv-gernlinden.eu\/index.php?rest_route=\/wp\/v2\/users\/1"}],"replies":[{"embeddable":true,"href":"https:\/\/ogv-gernlinden.eu\/index.php?rest_route=%2Fwp%2Fv2%2Fcomments&post=952"}],"version-history":[{"count":21,"href":"https:\/\/ogv-gernlinden.eu\/index.php?rest_route=\/wp\/v2\/pages\/952\/revisions"}],"predecessor-version":[{"id":1131,"href":"https:\/\/ogv-gernlinden.eu\/index.php?rest_route=\/wp\/v2\/pages\/952\/revisions\/1131"}],"wp:attachment":[{"href":"https:\/\/ogv-gernlinden.eu\/index.php?rest_route=%2Fwp%2Fv2%2Fmedia&parent=952"}],"curies":[{"name":"wp","href":"https:\/\/api.w.org\/{rel}","templated":true}]}}