{"id":323,"date":"2016-12-03T14:07:33","date_gmt":"2016-12-03T13:07:33","guid":{"rendered":"http:\/\/imkerei-18er.de\/?page_id=323"},"modified":"2026-02-12T12:01:13","modified_gmt":"2026-02-12T12:01:13","slug":"ogv-gartenempfehlungen","status":"publish","type":"page","link":"https:\/\/ogv-gernlinden.eu\/?page_id=323","title":{"rendered":"OGV &#8211; Gartentipps"},"content":{"rendered":"<p>Jeden Monat bzw. zu jedem Jahresabschnitt erscheint eine aktuelle \u00a0OGV-Gartenempfehlung.<br \/>\nZu den jeweils\u00a0untergliederten Jahreszeiten gibt es\u00a0eine kleine Auswahl von Gartenempfehlungen, Tipps und Informationen.<br \/>\nDiese beziehen sich auf die jahreszeitlichen Zeigerpflanzen, Wetterph\u00e4nomene und Bauernregeln, den anstehenden T\u00e4tigkeiten im\u00a0Nutz- und Ziergarten, sowie den allgemein\u00a0zu erledigenden\u00a0Gartenarbeiten.<br \/>\n<span style=\"color: #808080;\">Texte und Bilder in Anlehnung an: br.de-Garten I Ratgeber I Themen<\/span><\/p>\n<p>Vorfr\u00fchling \u00a0 \u00a0 \u00a0 \u00a0 \u00a0 \u00a0 \u00a0 Februar bis Ende M\u00e4rz \u00a0 \u00a0 \u00a0 \u00a0 \u00a0 \u00a0 \u00a0 \u00a0 \u00a0 \u00a0 <a href=\"http:\/\/ogv-gernlinden.eu\/wp-content\/uploads\/2018\/11\/0_Vorfr\u00fchling.pdf\">0_Vorfr\u00fchling<\/a><br \/>\nHochfr\u00fchling \u00a0 \u00a0 \u00a0 \u00a0 \u00a0 \u00a0 Ende M\u00e4rz bis Mitte April \u00a0 \u00a0 \u00a0 \u00a0 \u00a0 \u00a0 \u00a0 \u00a0 <a href=\"http:\/\/ogv-gernlinden.eu\/wp-content\/uploads\/2018\/11\/1_Hochfr\u00fchling.pdf\">1_Hochfr\u00fchling<\/a><br \/>\nVollfr\u00fchling \u00a0 \u00a0 \u00a0 \u00a0 \u00a0 \u00a0 \u00a0 Mitte April bis Ende Mai \u00a0 \u00a0 \u00a0 \u00a0 \u00a0 \u00a0 \u00a0 \u00a0 \u00a0 <a href=\"http:\/\/ogv-gernlinden.eu\/wp-content\/uploads\/2018\/11\/2_Vollfr\u00fchling.pdf\">2_Vollfr\u00fchling<\/a><br \/>\nFr\u00fchsommer \u00a0 \u00a0 \u00a0 \u00a0 \u00a0 \u00a0Ende Mai bis Ende Juni \u00a0 \u00a0 \u00a0 \u00a0 \u00a0 \u00a0 \u00a0 \u00a0 \u00a0 \u00a0<a href=\"http:\/\/ogv-gernlinden.eu\/wp-content\/uploads\/2018\/11\/3_Fr\u00fchsommer.pdf\">3_Fr\u00fchsommer<\/a><br \/>\nHochsommer \u00a0 \u00a0 \u00a0 \u00a0 \u00a0 Ende Juni bis Ende Juli \u00a0 \u00a0 \u00a0 \u00a0 \u00a0 \u00a0 \u00a0 \u00a0 \u00a0 \u00a0 <a href=\"http:\/\/ogv-gernlinden.eu\/wp-content\/uploads\/2018\/11\/4_Hochsommer.pdf\">4_Hochsommer<\/a><br \/>\nSp\u00e4tsommer \u00a0 \u00a0 \u00a0 \u00a0 \u00a0 \u00a0Ende Juli bis Anfang September \u00a0 \u00a0 \u00a0 <a href=\"http:\/\/ogv-gernlinden.eu\/wp-content\/uploads\/2018\/11\/5_Sp\u00e4tsommer.pdf\">5_Sp\u00e4tsommer<\/a><br \/>\nFr\u00fchherbst \u00a0 \u00a0 \u00a0 \u00a0 \u00a0 \u00a0 \u00a0 Anfang bis Ende September \u00a0 \u00a0 \u00a0 \u00a0 \u00a0 \u00a0 <a href=\"http:\/\/ogv-gernlinden.eu\/wp-content\/uploads\/2018\/11\/6_Fr\u00fchherbst.pdf\">6_Fr\u00fchherbst<\/a><br \/>\nVollherbst \u00a0 \u00a0 \u00a0 \u00a0 \u00a0 \u00a0 \u00a0 \u00a0Mitte September bis Ende Oktober \u00a0 <a href=\"http:\/\/ogv-gernlinden.eu\/wp-content\/uploads\/2018\/11\/7_Vollherbst.pdf\">7_Vollherbst<\/a><br \/>\nSp\u00e4therbst \u00a0 \u00a0 \u00a0 \u00a0 \u00a0 \u00a0 \u00a0 Mitte Oktober bis Anfang Dezember <a href=\"http:\/\/ogv-gernlinden.eu\/wp-content\/uploads\/2018\/11\/8_Sp\u00e4therbst.pdf\">8_Sp\u00e4therbst<\/a><br \/>\nWinter \u00a0 \u00a0 \u00a0 \u00a0 \u00a0 \u00a0 \u00a0 \u00a0 \u00a0 \u00a0 Dezember bis Februar \u00a0 \u00a0 \u00a0 \u00a0 \u00a0 \u00a0 \u00a0 \u00a0 \u00a0 \u00a0 <a href=\"http:\/\/ogv-gernlinden.eu\/wp-content\/uploads\/2018\/11\/9_Winter.pdf\">9_Winter<\/a><\/p>\n<p><strong><span style=\"color: #000000;\">Hier noch w<\/span>eitere n\u00fctzliche Informationen und Anregungen rund um den Garten:<\/strong><\/p>\n<p>Hochbeet selbst gebaut \u00a0 \u00a0 \u00a0 \u00a0 \u00a0 \u00a0 \u00a0 \u00a0 \u00a0 \u00a0 \u00a0 \u00a0 \u00a0 \u00a0 \u00a0 \u00a0 \u00a0 \u00a0 \u00a0\u00a0<a href=\"http:\/\/ogv-gernlinden.eu\/wp-content\/uploads\/2018\/02\/00_Hochbeet-selbst-gebaut.pdf\">Hochbeet selbst gebaut<\/a><\/p>\n<p>Die Blumenuhr \/ das Bl\u00fctenjahr im Garten \u00a0 \u00a0 \u00a0 \u00a0 \u00a0\u00a0<a href=\"http:\/\/ogv-gernlinden.eu\/wp-content\/uploads\/2016\/12\/00_Die-Blumenuhr-Gartenjahr.pdf\">die-blumenuhr-gartenjahr<\/a><\/p>\n<p>Zucchini &#8211; leichtes und gesundes Sommergem\u00fcse \u00a0\u00a0<a href=\"http:\/\/ogv-gernlinden.eu\/wp-content\/uploads\/2018\/08\/g13.1_Zucchini.pdf\">Zucchini-leichtes gesundes Sommergem\u00fcse<\/a><\/p>\n<p>W\u00e4rmeliebende Fruchtgem\u00fcse: Gurke, Tomate &amp; Co. <a href=\"http:\/\/ogv-gernlinden.eu\/wp-content\/uploads\/2019\/04\/e-W\u00e4rmeliebendes-Fruchtgem\u00fcse_Info-Blatt.pdf\">\u00a0 \u00a0W\u00e4rmeliebendes Fruchtgem\u00fcse_Info-Blatt<\/a><\/p>\n<p>Wurzelgem\u00fcse-Vitamine aus der Erde \u00a0 \u00a0 \u00a0 \u00a0 \u00a0 \u00a0 \u00a0 <a href=\"http:\/\/ogv-gernlinden.eu\/wp-content\/uploads\/2016\/12\/e-Wurzelgem\u00fcse_Vitamine-aus-der-Erde_Info-Blatt-1.pdf\">Wurzelgem\u00fcse_Vitamine aus der Erde_Info<\/a>.<\/p>\n<p>Blattgem\u00fcse-frisches Gr\u00fcn in vielen Formen\u00a0 \u00a0 \u00a0 \u00a0 \u00a0 \u00a0 \u00a0\u00a0<a href=\"http:\/\/ogv-gernlinden.eu\/wp-content\/uploads\/2016\/12\/e-Blattgem\u00fcse-frisches-Gr\u00fcn_Info-Blatt-1.pdf\">Blattgem\u00fcse-frisches Gr\u00fcn_Info-Blatt<br \/>\n<\/a><\/p>\n<p>Feldsalat, Anbau &#8211; Ernte &#8211; Verwendung \u00a0 \u00a0 \u00a0 \u00a0 \u00a0 \u00a0 \u00a0 \u00a0 <a href=\"http:\/\/ogv-gernlinden.eu\/wp-content\/uploads\/2018\/01\/g12_Feldsalat-Anbau-Ernte-Verwendung.pdf\">Feldsalat, Anbau &#8211; Ernte &#8211; Verwendung<\/a><\/p>\n<p>Tomaten, Anbau-Pflege-Ernte \u00a0 \u00a0 \u00a0 \u00a0 \u00a0 \u00a0 \u00a0 \u00a0 \u00a0 \u00a0 \u00a0 \u00a0 \u00a0 \u00a0 \u00a0 \u00a0\u00a0<a href=\"http:\/\/ogv-gernlinden.eu\/wp-content\/uploads\/2016\/12\/g5-Tomaten-Anbau-Pflege-Ernte.pdf\">Tomaten, Anbau &#8211; Pflege &#8211; Ernte<\/a><\/p>\n<p>Fliedertr\u00e4ume, Fliederbl\u00fcten ausbrechen \u00a0 \u00a0 \u00a0 \u00a0 \u00a0 \u00a0 \u00a0 \u00a0<a href=\"http:\/\/ogv-gernlinden.eu\/wp-content\/uploads\/2020\/05\/g28_Flieder-Tr\u00e4ume.pdf\">Flieder-Tr\u00e4ume<\/a><\/p>\n<p>R\u00fcckschnitt von Lavendel im Fr\u00fchjahr \u00a0 \u00a0 \u00a0 \u00a0 \u00a0 \u00a0 \u00a0 \u00a0 \u00a0 \u00a0 \u00a0 \u00a0 \u00a0<a href=\"http:\/\/ogv-gernlinden.eu\/wp-content\/uploads\/2016\/12\/f-R\u00fcckschnitt-von-Lavendel.pdf\">R\u00fcckschnitt von Lavendel<\/a><\/p>\n<p>Schneiden und Pflege der Eibe \u00a0 \u00a0 \u00a0 \u00a0 \u00a0 \u00a0 \u00a0 \u00a0 \u00a0 \u00a0 \u00a0 \u00a0 \u00a0 \u00a0 \u00a0 \u00a0 \u00a0\u00a0<a href=\"http:\/\/ogv-gernlinden.eu\/wp-content\/uploads\/2016\/12\/g-Schneiden-und-Pflege-der-Eibe.pdf\">Schneiden und Pflege der Eibe<\/a><\/p>\n<p>Gie\u00dfen im Winter &amp; K\u00fcbelpflanzenpflege \u00a0 \u00a0 \u00a0 \u00a0 \u00a0 \u00a0<a href=\"http:\/\/ogv-gernlinden.eu\/wp-content\/uploads\/2017\/12\/g9-Gie\u00dfen-im-Winter-K\u00fcbelpflanzenpflege.pdf\">Gie\u00dfen im Winter &amp; K\u00fcbelpflanzenpflege<\/a><\/p>\n<p>Gartenger\u00e4te pflegen und einwintern \u00a0 \u00a0 \u00a0 \u00a0 \u00a0 \u00a0 \u00a0 \u00a0<a href=\"http:\/\/ogv-gernlinden.eu\/wp-content\/uploads\/2017\/12\/g10-Gartenger\u00e4tepflege.pdf\">\u00a0Gartenger\u00e4tepflege<\/a><\/p>\n<p><strong>Der eigene Garten, Lebensraum und Wohlf\u00fchloase f\u00fcr Mensch, Tier und Pflanze<br \/>\n<\/strong><\/p>\n<p>Sinnvolle Gartenbew\u00e4sserung \u00a0 \u00a0 \u00a0 \u00a0 \u00a0 \u00a0 \u00a0 \u00a0 \u00a0 \u00a0 \u00a0 \u00a0 \u00a0 \u00a0\u00a0<a href=\"http:\/\/ogv-gernlinden.eu\/wp-content\/uploads\/2016\/12\/c1-Sinnvolle-Gartenbew\u00e4sserung.pdf\">Sinnvolle Gartenbew\u00e4sserung<\/a><\/p>\n<p>Virtuelles Wasser, der Wasser-Fu\u00dfabdruck \u00a0 \u00a0 \u00a0 \u00a0 \u00a0 \u00a0<a href=\"http:\/\/ogv-gernlinden.eu\/wp-content\/uploads\/2017\/11\/g6_Wasserverbrauch.pdf\">Wasserverbrauch<\/a><\/p>\n<p>Totholzhaufen f\u00fcr N\u00fctzlinge anlegen \u00a0 \u00a0 \u00a0 \u00a0 \u00a0 \u00a0 \u00a0 \u00a0 \u00a0 \u00a0\u00a0<a href=\"http:\/\/ogv-gernlinden.eu\/wp-content\/uploads\/2016\/12\/00_Totholzhaufen-f\u00fcr-N\u00fctzlinge-anlegen.pdf\">Totholzhaufen f\u00fcr N\u00fctzlinge anlegen<\/a><\/p>\n<p>Ein bunter Garten f\u00fcr N\u00fctzlinge \u00a0 \u00a0 \u00a0 \u00a0 \u00a0 \u00a0 \u00a0 \u00a0 \u00a0 \u00a0 \u00a0 \u00a0 \u00a0\u00a0<a href=\"http:\/\/ogv-gernlinden.eu\/wp-content\/uploads\/2018\/11\/g1-Ein-bunter-Garten-f\u00fcr-N\u00fctzlinge.pdf\">Ein bunter Garten f\u00fcr N\u00fctzlinge<\/a><\/p>\n<p>Wissenswertes \u00fcber Wildbienen \u00a0 \u00a0 \u00a0 \u00a0 \u00a0 \u00a0 \u00a0 \u00a0 \u00a0 \u00a0 \u00a0 \u00a0 \u00a0 <a href=\"http:\/\/ogv-gernlinden.eu\/wp-content\/uploads\/2016\/12\/2015_Wildbienen-allgemein_eigene-Zusammenfassung.pdf\">Wildbienen Informationen<\/a><\/p>\n<p>Nistm\u00f6glichkeiten f\u00fcr Wildbienen \u00a0 \u00a0 \u00a0 \u00a0 \u00a0 \u00a0 \u00a0 \u00a0 \u00a0 \u00a0 \u00a0 \u00a0\u00a0<a href=\"http:\/\/ogv-gernlinden.eu\/wp-content\/uploads\/2018\/07\/2018_Nistm\u00f6glichkeiten-f\u00fcr-Wildbienen.pdf\">Nistm\u00f6glichkeiten f\u00fcr Wildbienen<\/a><\/p>\n<p>Bienen-bemerkenswert und bedeutend \u00a0 \u00a0 \u00a0 \u00a0 \u00a0 \u00a0 \u00a0\u00a0<a href=\"http:\/\/ogv-gernlinden.eu\/wp-content\/uploads\/2018\/11\/g1.1-Bienen-bemerkenswert-und-bedeutend.pdf\">Bienen bemerkenswert und bedeutend<\/a><\/p>\n<p>Nistkasten f\u00fcr H\u00f6hlenbr\u00fcter selbst bauen \u00a0 \u00a0 \u00a0 \u00a0 \u00a0 \u00a0<a href=\"http:\/\/ogv-gernlinden.eu\/wp-content\/uploads\/2018\/11\/g8_Nistk\u00e4sten-f\u00fcr-H\u00f6hlebr\u00fcter.pdf\">Nistk\u00e4sten f\u00fcr H\u00f6hlebr\u00fcter<\/a><\/p>\n<p>Schmetterlinge in den Garten locken \u00a0 \u00a0 \u00a0 \u00a0 \u00a0 \u00a0 \u00a0 \u00a0 \u00a0 \u00a0<a href=\"http:\/\/ogv-gernlinden.eu\/wp-content\/uploads\/2018\/11\/c_Schmetterlinge-in-den-Garten-locken.pdf\">Schmetterlinge in den Garten locken<\/a><\/p>\n<p>Merkmale eines naturnahen Gartens \u00a0 \u00a0 \u00a0 \u00a0 \u00a0 \u00a0 \u00a0 \u00a0 \u00a0 \u00a0<a href=\"http:\/\/ogv-gernlinden.eu\/wp-content\/uploads\/2018\/11\/g11_Merkmale-eines-naturnahen-Gartens.pdf\">Merkmale eines naturnahen Gartens<\/a><\/p>\n<p>Lebensraum f\u00fcr Insekten schaffen \u00a0 \u00a0 \u00a0 \u00a0 \u00a0 \u00a0 \u00a0 \u00a0 \u00a0 \u00a0 \u00a0<a href=\"http:\/\/ogv-gernlinden.eu\/wp-content\/uploads\/2019\/02\/g15_Lebensraum-f\u00fcr-Insekten-schaffen.pdf\">Lebensraum f\u00fcr Insekten schaffen<\/a><\/p>\n<p>Bienen unter die Fl\u00fcgel greifen \u00a0 \u00a0 \u00a0 \u00a0 \u00a0 \u00a0 \u00a0 \u00a0 \u00a0 \u00a0 \u00a0 \u00a0 \u00a0 \u00a0<a href=\"http:\/\/ogv-gernlinden.eu\/wp-content\/uploads\/2018\/04\/g1_Unter-die-Fl\u00fcgel-greifen_Bienensterben-SZ-1-2018.pdf\">Unter die Fl\u00fcgel greifen_Bienensterben <\/a><\/p>\n","protected":false},"excerpt":{"rendered":"<p>Jeden Monat bzw. zu jedem Jahresabschnitt erscheint eine aktuelle \u00a0OGV-Gartenempfehlung. Zu den jeweils\u00a0untergliederten Jahreszeiten gibt es\u00a0eine kleine Auswahl von Gartenempfehlungen, Tipps und Informationen. Diese beziehen sich auf die jahreszeitlichen Zeigerpflanzen, Wetterph\u00e4nomene und Bauernregeln, den anstehenden T\u00e4tigkeiten im\u00a0Nutz- und Ziergarten, sowie den allgemein\u00a0zu erledigenden\u00a0Gartenarbeiten. Texte und Bilder in Anlehnung an: br.de-Garten I Ratgeber I Themen Vorfr\u00fchling \u00a0 \u00a0 \u00a0 \u00a0 \u00a0<\/p>\n","protected":false},"author":1,"featured_media":0,"parent":0,"menu_order":0,"comment_status":"closed","ping_status":"closed","template":"","meta":{"footnotes":""},"class_list":["post-323","page","type-page","status-publish","hentry"],"_links":{"self":[{"href":"https:\/\/ogv-gernlinden.eu\/index.php?rest_route=\/wp\/v2\/pages\/323","targetHints":{"allow":["GET"]}}],"collection":[{"href":"https:\/\/ogv-gernlinden.eu\/index.php?rest_route=\/wp\/v2\/pages"}],"about":[{"href":"https:\/\/ogv-gernlinden.eu\/index.php?rest_route=\/wp\/v2\/types\/page"}],"author":[{"embeddable":true,"href":"https:\/\/ogv-gernlinden.eu\/index.php?rest_route=\/wp\/v2\/users\/1"}],"replies":[{"embeddable":true,"href":"https:\/\/ogv-gernlinden.eu\/index.php?rest_route=%2Fwp%2Fv2%2Fcomments&post=323"}],"version-history":[{"count":69,"href":"https:\/\/ogv-gernlinden.eu\/index.php?rest_route=\/wp\/v2\/pages\/323\/revisions"}],"predecessor-version":[{"id":3730,"href":"https:\/\/ogv-gernlinden.eu\/index.php?rest_route=\/wp\/v2\/pages\/323\/revisions\/3730"}],"wp:attachment":[{"href":"https:\/\/ogv-gernlinden.eu\/index.php?rest_route=%2Fwp%2Fv2%2Fmedia&parent=323"}],"curies":[{"name":"wp","href":"https:\/\/api.w.org\/{rel}","templated":true}]}}